{"id":587,"date":"2023-03-14T02:25:49","date_gmt":"2023-03-14T02:25:49","guid":{"rendered":"https:\/\/dari-o.mx\/omkara\/?page_id=587"},"modified":"2026-04-23T15:38:46","modified_gmt":"2026-04-23T21:38:46","slug":"contacto","status":"publish","type":"page","link":"https:\/\/omkara.mx\/en\/contacto\/","title":{"rendered":"Contacto"},"content":{"rendered":"\t\t<div data-elementor-type=\"wp-page\" data-elementor-id=\"587\" class=\"elementor elementor-587\" data-elementor-post-type=\"page\">\n\t\t\t\t\t\t<section class=\"elementor-section elementor-top-section elementor-element elementor-element-0a0b24c elementor-section-height-min-height elementor-section-boxed elementor-section-height-default elementor-section-items-middle\" data-id=\"0a0b24c\" data-element_type=\"section\" data-e-type=\"section\" data-settings=\"{&quot;background_background&quot;:&quot;classic&quot;,&quot;background_motion_fx_motion_fx_scrolling&quot;:&quot;yes&quot;,&quot;background_motion_fx_translateY_effect&quot;:&quot;yes&quot;,&quot;background_motion_fx_translateY_speed&quot;:{&quot;unit&quot;:&quot;px&quot;,&quot;size&quot;:1.6,&quot;sizes&quot;:[]},&quot;background_motion_fx_translateY_affectedRange&quot;:{&quot;unit&quot;:&quot;%&quot;,&quot;size&quot;:&quot;&quot;,&quot;sizes&quot;:{&quot;start&quot;:0,&quot;end&quot;:100}},&quot;background_motion_fx_devices&quot;:[&quot;widescreen&quot;,&quot;desktop&quot;,&quot;tablet&quot;,&quot;mobile&quot;]}\">\n\t\t\t\t\t\t\t<div class=\"elementor-background-overlay\"><\/div>\n\t\t\t\t\t\t\t<div class=\"elementor-container elementor-column-gap-default\">\n\t\t\t\t\t<div class=\"elementor-column elementor-col-100 elementor-top-column elementor-element elementor-element-8d65717\" data-id=\"8d65717\" data-element_type=\"column\" data-e-type=\"column\">\n\t\t\t<div class=\"elementor-widget-wrap elementor-element-populated\">\n\t\t\t\t\t\t<div class=\"elementor-element elementor-element-67c98c7 elementor-hidden-desktop elementor-widget elementor-widget-spacer\" data-id=\"67c98c7\" data-element_type=\"widget\" data-e-type=\"widget\" data-widget_type=\"spacer.default\">\n\t\t\t\t<div class=\"elementor-widget-container\">\n\t\t\t\t\t\t\t<div class=\"elementor-spacer\">\n\t\t\t<div class=\"elementor-spacer-inner\"><\/div>\n\t\t<\/div>\n\t\t\t\t\t\t<\/div>\n\t\t\t\t<\/div>\n\t\t\t\t<div class=\"elementor-element elementor-element-bdb3b0d elementor-widget__width-auto elementor-view-default elementor-widget elementor-widget-icon\" data-id=\"bdb3b0d\" data-element_type=\"widget\" data-e-type=\"widget\" data-widget_type=\"icon.default\">\n\t\t\t\t<div class=\"elementor-widget-container\">\n\t\t\t\t\t\t\t<div class=\"elementor-icon-wrapper\">\n\t\t\t<a class=\"elementor-icon\" href=\"https:\/\/wa.me\/5213315994562\" target=\"_blank\">\n\t\t\t<i aria-hidden=\"true\" class=\"fab fa-whatsapp\"><\/i>\t\t\t<\/a>\n\t\t<\/div>\n\t\t\t\t\t\t<\/div>\n\t\t\t\t<\/div>\n\t\t\t\t<div class=\"elementor-element elementor-element-0016c90 elementor-widget__width-auto elementor-view-default elementor-widget elementor-widget-icon\" data-id=\"0016c90\" data-element_type=\"widget\" data-e-type=\"widget\" data-widget_type=\"icon.default\">\n\t\t\t\t<div class=\"elementor-widget-container\">\n\t\t\t\t\t\t\t<div class=\"elementor-icon-wrapper\">\n\t\t\t<a class=\"elementor-icon\" href=\"mailto:hola@omkara.com\" target=\"_blank\">\n\t\t\t<i aria-hidden=\"true\" class=\"far fa-envelope\"><\/i>\t\t\t<\/a>\n\t\t<\/div>\n\t\t\t\t\t\t<\/div>\n\t\t\t\t<\/div>\n\t\t\t\t<div class=\"elementor-element elementor-element-1852f72 elementor-widget elementor-widget-image-box\" data-id=\"1852f72\" data-element_type=\"widget\" data-e-type=\"widget\" data-widget_type=\"image-box.default\">\n\t\t\t\t<div class=\"elementor-widget-container\">\n\t\t\t\t\t<div class=\"elementor-image-box-wrapper\"><div class=\"elementor-image-box-content\"><h3 class=\"elementor-image-box-title\">CONTACTO<\/h3><\/div><\/div>\t\t\t\t<\/div>\n\t\t\t\t<\/div>\n\t\t\t\t\t<\/div>\n\t\t<\/div>\n\t\t\t\t\t<\/div>\n\t\t<\/section>\n\t\t\t\t<section class=\"elementor-section elementor-top-section elementor-element elementor-element-4b7bf49 elementor-section-boxed elementor-section-height-default elementor-section-height-default\" data-id=\"4b7bf49\" data-element_type=\"section\" data-e-type=\"section\">\n\t\t\t\t\t\t<div class=\"elementor-container elementor-column-gap-default\">\n\t\t\t\t\t<div class=\"elementor-column elementor-col-100 elementor-top-column elementor-element elementor-element-9654c96\" data-id=\"9654c96\" data-element_type=\"column\" data-e-type=\"column\">\n\t\t\t<div class=\"elementor-widget-wrap elementor-element-populated\">\n\t\t\t\t\t\t<div class=\"elementor-element elementor-element-9d1fca1 elementor-widget elementor-widget-heading\" data-id=\"9d1fca1\" data-element_type=\"widget\" data-e-type=\"widget\" data-widget_type=\"heading.default\">\n\t\t\t\t<div class=\"elementor-widget-container\">\n\t\t\t\t\t<h4 class=\"elementor-heading-title elementor-size-default\">\u00bfQu\u00e9 es lo que distingue a las empresas que sue\u00f1an con el \u00e9xito de aquellas que lo tienen?...<\/h4>\t\t\t\t<\/div>\n\t\t\t\t<\/div>\n\t\t\t\t<div class=\"elementor-element elementor-element-7ba207c elementor-widget elementor-widget-heading\" data-id=\"7ba207c\" data-element_type=\"widget\" data-e-type=\"widget\" data-widget_type=\"heading.default\">\n\t\t\t\t<div class=\"elementor-widget-container\">\n\t\t\t\t\t<h4 class=\"elementor-heading-title elementor-size-default\">LA ACCI\u00d3N<\/h4>\t\t\t\t<\/div>\n\t\t\t\t<\/div>\n\t\t\t\t<div class=\"elementor-element elementor-element-7aa9cd9 elementor-widget elementor-widget-heading\" data-id=\"7aa9cd9\" data-element_type=\"widget\" data-e-type=\"widget\" data-widget_type=\"heading.default\">\n\t\t\t\t<div class=\"elementor-widget-container\">\n\t\t\t\t\t<h4 class=\"elementor-heading-title elementor-size-default\">\u00a1Queremos conocer <br \/>tu empresa y colaborar contigo <br \/><span class=\"morado\">para multiplicar resultados!<\/span><\/h4>\t\t\t\t<\/div>\n\t\t\t\t<\/div>\n\t\t\t\t\t<\/div>\n\t\t<\/div>\n\t\t\t\t\t<\/div>\n\t\t<\/section>\n\t\t\t\t<section class=\"elementor-section elementor-top-section elementor-element elementor-element-f417b2c elementor-section-boxed elementor-section-height-default elementor-section-height-default\" data-id=\"f417b2c\" data-element_type=\"section\" data-e-type=\"section\">\n\t\t\t\t\t\t<div class=\"elementor-container elementor-column-gap-default\">\n\t\t\t\t\t<div class=\"elementor-column elementor-col-100 elementor-top-column elementor-element elementor-element-50ab669\" data-id=\"50ab669\" data-element_type=\"column\" data-e-type=\"column\">\n\t\t\t<div class=\"elementor-widget-wrap elementor-element-populated\">\n\t\t\t\t\t\t<section class=\"elementor-section elementor-inner-section elementor-element elementor-element-c228b02 elementor-section-boxed elementor-section-height-default elementor-section-height-default\" data-id=\"c228b02\" data-element_type=\"section\" data-e-type=\"section\">\n\t\t\t\t\t\t<div class=\"elementor-container elementor-column-gap-default\">\n\t\t\t\t\t<div class=\"elementor-column elementor-col-100 elementor-inner-column elementor-element elementor-element-2e82c13\" data-id=\"2e82c13\" data-element_type=\"column\" data-e-type=\"column\">\n\t\t\t<div class=\"elementor-widget-wrap elementor-element-populated\">\n\t\t\t\t\t\t<div class=\"elementor-element elementor-element-51f6474 elementor-widget elementor-widget-heading\" data-id=\"51f6474\" data-element_type=\"widget\" data-e-type=\"widget\" data-widget_type=\"heading.default\">\n\t\t\t\t<div class=\"elementor-widget-container\">\n\t\t\t\t\t<h4 class=\"elementor-heading-title elementor-size-default\">CALENDARIZA UNA REUNI\u00d3N <br \/>\n<b>CON UNO DE NUESTROS ASESORES<\/b><\/h4>\t\t\t\t<\/div>\n\t\t\t\t<\/div>\n\t\t\t\t<div class=\"elementor-element elementor-element-108fb6b elementor-widget elementor-widget-html\" data-id=\"108fb6b\" data-element_type=\"widget\" data-e-type=\"widget\" data-widget_type=\"html.default\">\n\t\t\t\t<div class=\"elementor-widget-container\">\n\t\t\t\t\t<!-- Principio del widget integrado de Calendly -->\n<div class=\"calendly-inline-widget\" data-url=\"https:\/\/calendly.com\/omkcontacto\/cita-omk\" style=\"min-width:320px;height:700px;\"><\/div>\n<script type=\"text\/javascript\" src=\"https:\/\/assets.calendly.com\/assets\/external\/widget.js\" async><\/script>\n<!-- Final del widget integrado\u00a0de\u00a0Calendly\u00a0-->\t\t\t\t<\/div>\n\t\t\t\t<\/div>\n\t\t\t\t\t<\/div>\n\t\t<\/div>\n\t\t\t\t\t<\/div>\n\t\t<\/section>\n\t\t\t\t<section class=\"elementor-section elementor-inner-section elementor-element elementor-element-ef70f10 elementor-section-boxed elementor-section-height-default elementor-section-height-default\" data-id=\"ef70f10\" data-element_type=\"section\" data-e-type=\"section\">\n\t\t\t\t\t\t<div class=\"elementor-container elementor-column-gap-no\">\n\t\t\t\t\t<div class=\"elementor-column elementor-col-100 elementor-inner-column elementor-element elementor-element-c086a7b\" data-id=\"c086a7b\" data-element_type=\"column\" data-e-type=\"column\">\n\t\t\t<div class=\"elementor-widget-wrap elementor-element-populated\">\n\t\t\t\t\t\t<div class=\"elementor-element elementor-element-78347eb elementor-widget elementor-widget-heading\" data-id=\"78347eb\" data-element_type=\"widget\" data-e-type=\"widget\" data-widget_type=\"heading.default\">\n\t\t\t\t<div class=\"elementor-widget-container\">\n\t\t\t\t\t<h4 class=\"elementor-heading-title elementor-size-default\">O D\u00c9JANOS UN\n<b>MENSAJE<\/b><\/h4>\t\t\t\t<\/div>\n\t\t\t\t<\/div>\n\t\t\t\t<div class=\"elementor-element elementor-element-9dcde0c elementor-widget elementor-widget-html\" data-id=\"9dcde0c\" data-element_type=\"widget\" data-e-type=\"widget\" data-widget_type=\"html.default\">\n\t\t\t\t<div class=\"elementor-widget-container\">\n\t\t\t\t\t<iframe src=\"https:\/\/interfaces.zapier.com\/embed\/page\/cmjsvw6jm00109q3a2g9yq4p1?noBackground=false&allowQueryParams=true\" style='max-width: 900px; width: 100%; height: 500px;' data-testid=cmjsvw6jm00109q3a2g9yq4p1-zapier-interfaces-page-embed-iframe><\/iframe>\r\n\t\t\t\t<\/div>\n\t\t\t\t<\/div>\n\t\t\t\t\t<\/div>\n\t\t<\/div>\n\t\t\t\t\t<\/div>\n\t\t<\/section>\n\t\t\t\t\t<\/div>\n\t\t<\/div>\n\t\t\t\t\t<\/div>\n\t\t<\/section>\n\t\t\t\t<\/div>\n\t\t","protected":false},"excerpt":{"rendered":"<p>CONTACTO \u00bfQu\u00e9 es lo que distingue a las empresas que sue\u00f1an con el \u00e9xito de aquellas que lo tienen?&#8230; LA ACCI\u00d3N \u00a1Queremos conocer tu empresa y colaborar contigo para multiplicar resultados! CALENDARIZA UNA REUNI\u00d3N CON UNO DE NUESTROS ASESORES O D\u00c9JANOS UN MENSAJE<\/p>","protected":false},"author":1,"featured_media":0,"parent":0,"menu_order":0,"comment_status":"closed","ping_status":"closed","template":"","meta":{"_acf_changed":false,"site-sidebar-layout":"no-sidebar","site-content-layout":"page-builder","ast-site-content-layout":"default","site-content-style":"default","site-sidebar-style":"default","ast-global-header-display":"","ast-banner-title-visibility":"","ast-main-header-display":"","ast-hfb-above-header-display":"","ast-hfb-below-header-display":"","ast-hfb-mobile-header-display":"","site-post-title":"disabled","ast-breadcrumbs-content":"","ast-featured-img":"disabled","footer-sml-layout":"","ast-disable-related-posts":"","theme-transparent-header-meta":"","adv-header-id-meta":"","stick-header-meta":"","header-above-stick-meta":"","header-main-stick-meta":"","header-below-stick-meta":"","astra-migrate-meta-layouts":"default","ast-page-background-enabled":"default","ast-page-background-meta":{"desktop":{"background-color":"var(--ast-global-color-4)","background-image":"","background-repeat":"repeat","background-position":"center center","background-size":"auto","background-attachment":"scroll","background-type":"","background-media":"","overlay-type":"","overlay-color":"","overlay-opacity":"","overlay-gradient":""},"tablet":{"background-color":"","background-image":"","background-repeat":"repeat","background-position":"center center","background-size":"auto","background-attachment":"scroll","background-type":"","background-media":"","overlay-type":"","overlay-color":"","overlay-opacity":"","overlay-gradient":""},"mobile":{"background-color":"","background-image":"","background-repeat":"repeat","background-position":"center center","background-size":"auto","background-attachment":"scroll","background-type":"","background-media":"","overlay-type":"","overlay-color":"","overlay-opacity":"","overlay-gradient":""}},"ast-content-background-meta":{"desktop":{"background-color":"var(--ast-global-color-5)","background-image":"","background-repeat":"repeat","background-position":"center center","background-size":"auto","background-attachment":"scroll","background-type":"","background-media":"","overlay-type":"","overlay-color":"","overlay-opacity":"","overlay-gradient":""},"tablet":{"background-color":"var(--ast-global-color-5)","background-image":"","background-repeat":"repeat","background-position":"center center","background-size":"auto","background-attachment":"scroll","background-type":"","background-media":"","overlay-type":"","overlay-color":"","overlay-opacity":"","overlay-gradient":""},"mobile":{"background-color":"var(--ast-global-color-5)","background-image":"","background-repeat":"repeat","background-position":"center center","background-size":"auto","background-attachment":"scroll","background-type":"","background-media":"","overlay-type":"","overlay-color":"","overlay-opacity":"","overlay-gradient":""}},"_joinchat":[],"footnotes":""},"class_list":["post-587","page","type-page","status-publish","hentry"],"acf":[],"yoast_head":"<!-- This site is optimized with the Yoast SEO plugin v27.5 - https:\/\/yoast.com\/product\/yoast-seo-wordpress\/ -->\n<title>Contacto - OMKARA<\/title>\n<meta name=\"robots\" content=\"index, follow, max-snippet:-1, max-image-preview:large, max-video-preview:-1\" \/>\n<link rel=\"canonical\" href=\"https:\/\/omkara.mx\/en\/contacto\/\" \/>\n<meta property=\"og:locale\" content=\"en_US\" \/>\n<meta property=\"og:type\" content=\"article\" \/>\n<meta property=\"og:title\" content=\"Contacto - OMKARA\" \/>\n<meta property=\"og:description\" content=\"CONTACTO \u00bfQu\u00e9 es lo que distingue a las empresas que sue\u00f1an con el \u00e9xito de aquellas que lo tienen?&#8230; LA ACCI\u00d3N \u00a1Queremos conocer tu empresa y colaborar contigo para multiplicar resultados! CALENDARIZA UNA REUNI\u00d3N CON UNO DE NUESTROS ASESORES O D\u00c9JANOS UN MENSAJE\" \/>\n<meta property=\"og:url\" content=\"https:\/\/omkara.mx\/en\/contacto\/\" \/>\n<meta property=\"og:site_name\" content=\"OMKARA\" \/>\n<meta property=\"article:publisher\" content=\"https:\/\/www.facebook.com\/omkaramx\" \/>\n<meta property=\"article:modified_time\" content=\"2026-04-23T21:38:46+00:00\" \/>\n<meta name=\"twitter:card\" content=\"summary_large_image\" \/>\n<meta name=\"twitter:label1\" content=\"Est. reading time\" \/>\n\t<meta name=\"twitter:data1\" content=\"1 minute\" \/>\n<script type=\"application\/ld+json\" class=\"yoast-schema-graph\">{\"@context\":\"https:\\\/\\\/schema.org\",\"@graph\":[{\"@type\":\"WebPage\",\"@id\":\"https:\\\/\\\/omkara.mx\\\/contacto\\\/\",\"url\":\"https:\\\/\\\/omkara.mx\\\/contacto\\\/\",\"name\":\"Contacto - OMKARA\",\"isPartOf\":{\"@id\":\"https:\\\/\\\/omkara.mx\\\/#website\"},\"datePublished\":\"2023-03-14T02:25:49+00:00\",\"dateModified\":\"2026-04-23T21:38:46+00:00\",\"breadcrumb\":{\"@id\":\"https:\\\/\\\/omkara.mx\\\/contacto\\\/#breadcrumb\"},\"inLanguage\":\"en-US\",\"potentialAction\":[{\"@type\":\"ReadAction\",\"target\":[\"https:\\\/\\\/omkara.mx\\\/contacto\\\/\"]}]},{\"@type\":\"BreadcrumbList\",\"@id\":\"https:\\\/\\\/omkara.mx\\\/contacto\\\/#breadcrumb\",\"itemListElement\":[{\"@type\":\"ListItem\",\"position\":1,\"name\":\"Portada\",\"item\":\"https:\\\/\\\/omkara.mx\\\/\"},{\"@type\":\"ListItem\",\"position\":2,\"name\":\"Contacto\"}]},{\"@type\":\"WebSite\",\"@id\":\"https:\\\/\\\/omkara.mx\\\/#website\",\"url\":\"https:\\\/\\\/omkara.mx\\\/\",\"name\":\"OMKARA\",\"description\":\"Asesor\u00eda y servicios empresariales Guadalajara, Jalisco\",\"publisher\":{\"@id\":\"https:\\\/\\\/omkara.mx\\\/#organization\"},\"potentialAction\":[{\"@type\":\"SearchAction\",\"target\":{\"@type\":\"EntryPoint\",\"urlTemplate\":\"https:\\\/\\\/omkara.mx\\\/?s={search_term_string}\"},\"query-input\":{\"@type\":\"PropertyValueSpecification\",\"valueRequired\":true,\"valueName\":\"search_term_string\"}}],\"inLanguage\":\"en-US\"},{\"@type\":\"Organization\",\"@id\":\"https:\\\/\\\/omkara.mx\\\/#organization\",\"name\":\"OMKARA\",\"url\":\"https:\\\/\\\/omkara.mx\\\/\",\"logo\":{\"@type\":\"ImageObject\",\"inLanguage\":\"en-US\",\"@id\":\"https:\\\/\\\/omkara.mx\\\/#\\\/schema\\\/logo\\\/image\\\/\",\"url\":\"https:\\\/\\\/omkara.mx\\\/wp-content\\\/uploads\\\/2023\\\/03\\\/logotipo_omkara.png\",\"contentUrl\":\"https:\\\/\\\/omkara.mx\\\/wp-content\\\/uploads\\\/2023\\\/03\\\/logotipo_omkara.png\",\"width\":179,\"height\":186,\"caption\":\"OMKARA\"},\"image\":{\"@id\":\"https:\\\/\\\/omkara.mx\\\/#\\\/schema\\\/logo\\\/image\\\/\"},\"sameAs\":[\"https:\\\/\\\/www.facebook.com\\\/omkaramx\",\"https:\\\/\\\/www.linkedin.com\\\/company-beta\\\/22296200\\\/\"]}]}<\/script>\n<!-- \/ Yoast SEO plugin. -->","yoast_head_json":{"title":"Contacto - OMKARA","robots":{"index":"index","follow":"follow","max-snippet":"max-snippet:-1","max-image-preview":"max-image-preview:large","max-video-preview":"max-video-preview:-1"},"canonical":"https:\/\/omkara.mx\/en\/contacto\/","og_locale":"en_US","og_type":"article","og_title":"Contacto - OMKARA","og_description":"CONTACTO \u00bfQu\u00e9 es lo que distingue a las empresas que sue\u00f1an con el \u00e9xito de aquellas que lo tienen?&#8230; LA ACCI\u00d3N \u00a1Queremos conocer tu empresa y colaborar contigo para multiplicar resultados! CALENDARIZA UNA REUNI\u00d3N CON UNO DE NUESTROS ASESORES O D\u00c9JANOS UN MENSAJE","og_url":"https:\/\/omkara.mx\/en\/contacto\/","og_site_name":"OMKARA","article_publisher":"https:\/\/www.facebook.com\/omkaramx","article_modified_time":"2026-04-23T21:38:46+00:00","twitter_card":"summary_large_image","twitter_misc":{"Est. reading time":"1 minute"},"schema":{"@context":"https:\/\/schema.org","@graph":[{"@type":"WebPage","@id":"https:\/\/omkara.mx\/contacto\/","url":"https:\/\/omkara.mx\/contacto\/","name":"Contacto - OMKARA","isPartOf":{"@id":"https:\/\/omkara.mx\/#website"},"datePublished":"2023-03-14T02:25:49+00:00","dateModified":"2026-04-23T21:38:46+00:00","breadcrumb":{"@id":"https:\/\/omkara.mx\/contacto\/#breadcrumb"},"inLanguage":"en-US","potentialAction":[{"@type":"ReadAction","target":["https:\/\/omkara.mx\/contacto\/"]}]},{"@type":"BreadcrumbList","@id":"https:\/\/omkara.mx\/contacto\/#breadcrumb","itemListElement":[{"@type":"ListItem","position":1,"name":"Portada","item":"https:\/\/omkara.mx\/"},{"@type":"ListItem","position":2,"name":"Contacto"}]},{"@type":"WebSite","@id":"https:\/\/omkara.mx\/#website","url":"https:\/\/omkara.mx\/","name":"OMKARA","description":"Asesor\u00eda y servicios empresariales Guadalajara, Jalisco","publisher":{"@id":"https:\/\/omkara.mx\/#organization"},"potentialAction":[{"@type":"SearchAction","target":{"@type":"EntryPoint","urlTemplate":"https:\/\/omkara.mx\/?s={search_term_string}"},"query-input":{"@type":"PropertyValueSpecification","valueRequired":true,"valueName":"search_term_string"}}],"inLanguage":"en-US"},{"@type":"Organization","@id":"https:\/\/omkara.mx\/#organization","name":"OMKARA","url":"https:\/\/omkara.mx\/","logo":{"@type":"ImageObject","inLanguage":"en-US","@id":"https:\/\/omkara.mx\/#\/schema\/logo\/image\/","url":"https:\/\/omkara.mx\/wp-content\/uploads\/2023\/03\/logotipo_omkara.png","contentUrl":"https:\/\/omkara.mx\/wp-content\/uploads\/2023\/03\/logotipo_omkara.png","width":179,"height":186,"caption":"OMKARA"},"image":{"@id":"https:\/\/omkara.mx\/#\/schema\/logo\/image\/"},"sameAs":["https:\/\/www.facebook.com\/omkaramx","https:\/\/www.linkedin.com\/company-beta\/22296200\/"]}]}},"_links":{"self":[{"href":"https:\/\/omkara.mx\/en\/wp-json\/wp\/v2\/pages\/587","targetHints":{"allow":["GET"]}}],"collection":[{"href":"https:\/\/omkara.mx\/en\/wp-json\/wp\/v2\/pages"}],"about":[{"href":"https:\/\/omkara.mx\/en\/wp-json\/wp\/v2\/types\/page"}],"author":[{"embeddable":true,"href":"https:\/\/omkara.mx\/en\/wp-json\/wp\/v2\/users\/1"}],"replies":[{"embeddable":true,"href":"https:\/\/omkara.mx\/en\/wp-json\/wp\/v2\/comments?post=587"}],"version-history":[{"count":133,"href":"https:\/\/omkara.mx\/en\/wp-json\/wp\/v2\/pages\/587\/revisions"}],"predecessor-version":[{"id":5530,"href":"https:\/\/omkara.mx\/en\/wp-json\/wp\/v2\/pages\/587\/revisions\/5530"}],"wp:attachment":[{"href":"https:\/\/omkara.mx\/en\/wp-json\/wp\/v2\/media?parent=587"}],"curies":[{"name":"wp","href":"https:\/\/api.w.org\/{rel}","templated":true}]}}